{"id":13900,"date":"2023-05-17T15:52:49","date_gmt":"2023-05-17T15:52:49","guid":{"rendered":"https:\/\/accessstudy.artcrea.com.tr\/?page_id=13900"},"modified":"2023-05-17T16:14:14","modified_gmt":"2023-05-17T16:14:14","slug":"galeri","status":"publish","type":"page","link":"https:\/\/s-royaledu.com\/eng\/galeri\/","title":{"rendered":"Gallery"},"content":{"rendered":"<div data-elementor-type=\"wp-page\" data-elementor-id=\"13900\" class=\"elementor elementor-13900\" data-elementor-post-type=\"page\">\n\t\t\t\t\t\t<section class=\"elementor-section elementor-top-section elementor-element elementor-element-a4102cc elementor-section-full_width elementor-section-stretched elementor-section-height-default elementor-section-height-default\" data-id=\"a4102cc\" data-element_type=\"section\" data-settings=\"{&quot;stretch_section&quot;:&quot;section-stretched&quot;}\">\n\t\t\t\t\t\t<div class=\"elementor-container elementor-column-gap-default\">\n\t\t\t\t\t<div class=\"elementor-column elementor-col-100 elementor-top-column elementor-element elementor-element-06b4c14\" data-id=\"06b4c14\" data-element_type=\"column\">\n\t\t\t<div class=\"elementor-widget-wrap elementor-element-populated\">\n\t\t\t\t\t\t<div class=\"elementor-element elementor-element-cea692e elementor-widget elementor-widget-gallery\" data-id=\"cea692e\" data-element_type=\"widget\" data-settings=\"{&quot;gallery_layout&quot;:&quot;justified&quot;,&quot;gap&quot;:{&quot;unit&quot;:&quot;px&quot;,&quot;size&quot;:12,&quot;sizes&quot;:[]},&quot;lazyload&quot;:&quot;yes&quot;,&quot;ideal_row_height&quot;:{&quot;unit&quot;:&quot;px&quot;,&quot;size&quot;:200,&quot;sizes&quot;:[]},&quot;ideal_row_height_tablet&quot;:{&quot;unit&quot;:&quot;px&quot;,&quot;size&quot;:150,&quot;sizes&quot;:[]},&quot;ideal_row_height_mobile&quot;:{&quot;unit&quot;:&quot;px&quot;,&quot;size&quot;:150,&quot;sizes&quot;:[]},&quot;gap_tablet&quot;:{&quot;unit&quot;:&quot;px&quot;,&quot;size&quot;:10,&quot;sizes&quot;:[]},&quot;gap_mobile&quot;:{&quot;unit&quot;:&quot;px&quot;,&quot;size&quot;:10,&quot;sizes&quot;:[]},&quot;link_to&quot;:&quot;file&quot;,&quot;show_all_galleries&quot;:&quot;yes&quot;,&quot;overlay_background&quot;:&quot;yes&quot;,&quot;content_hover_animation&quot;:&quot;fade-in&quot;}\" data-widget_type=\"gallery.default\">\n\t\t\t\t<div class=\"elementor-widget-container\">\n\t\t\t\t\t\t<div class=\"elementor-gallery__titles-container e--pointer-underline e--animation-grow\" aria-label=\"Gallery filter\">\n\t\t\t\t\t\t\t\t\t<a class=\"elementor-item elementor-gallery-title\" role=\"button\" tabindex=\"0\" data-gallery-index=\"all\">\n\t\t\t\t\t\tT\u00fcm\u00fc\t\t\t\t\t<\/a>\n\t\t\t\t\n\t\t\t\t\t\t\t\t\t<a class=\"elementor-item elementor-gallery-title\" role=\"button\" tabindex=\"0\" data-gallery-index=\"0\">\n\t\t\t\t\t\tYurtd\u0131\u015f\u0131 E\u011fitim\t\t\t\t\t<\/a>\n\t\t\t\t\t\t\t\t\t\t<a class=\"elementor-item elementor-gallery-title\" role=\"button\" tabindex=\"0\" data-gallery-index=\"1\">\n\t\t\t\t\t\t\u00d6\u011frencilerimizden\t\t\t\t\t<\/a>\n\t\t\t\t\t\t\t\t\t\t<a class=\"elementor-item elementor-gallery-title\" role=\"button\" tabindex=\"0\" data-gallery-index=\"2\">\n\t\t\t\t\t\tAccess Study\t\t\t\t\t<\/a>\n\t\t\t\t\t\t\t\t<\/div>\n\t\t\t\t\t<div class=\"elementor-gallery__container\">\n\t\t\t\t\t\t\t<a class=\"e-gallery-item elementor-gallery-item elementor-animated-content\" data-e-gallery-tags=\"2\" href=\"https:\/\/s-royaledu.com\/wp-content\/uploads\/2022\/10\/TEE97766.jpg\" data-elementor-open-lightbox=\"yes\" data-elementor-lightbox-slideshow=\"cea692e\" data-elementor-lightbox-title=\"TEE97766\" data-e-action-hash=\"#elementor-action%3Aaction%3Dlightbox%26settings%3DeyJpZCI6OTU1MCwidXJsIjoiaHR0cHM6XC9cL3Mtcm95YWxlZHUuY29tXC93cC1jb250ZW50XC91cGxvYWRzXC8yMDIyXC8xMFwvVEVFOTc3NjYuanBnIiwic2xpZGVzaG93IjoiY2VhNjkyZSJ9\">\n\t\t\t\t\t<div class=\"e-gallery-image elementor-gallery-item__image\" data-thumbnail=\"https:\/\/s-royaledu.com\/wp-content\/uploads\/2022\/10\/TEE97766-261x300.jpg\" data-width=\"261\" data-height=\"300\" aria-label=\"\" role=\"img\" ><\/div>\n\t\t\t\t\t\t\t\t\t\t\t<div class=\"elementor-gallery-item__overlay\"><\/div>\n\t\t\t\t\t\t\t\t\t\t\t\t\t\t<\/a>\n\t\t\t\t\t\t\t<a class=\"e-gallery-item elementor-gallery-item elementor-animated-content\" data-e-gallery-tags=\"1\" href=\"https:\/\/s-royaledu.com\/wp-content\/uploads\/2021\/12\/TT826.jpg\" data-elementor-open-lightbox=\"yes\" data-elementor-lightbox-slideshow=\"cea692e\" data-elementor-lightbox-title=\"TT826.jpg\" data-e-action-hash=\"#elementor-action%3Aaction%3Dlightbox%26settings%3DeyJpZCI6ODEyNSwidXJsIjoiaHR0cHM6XC9cL3Mtcm95YWxlZHUuY29tXC93cC1jb250ZW50XC91cGxvYWRzXC8yMDIxXC8xMlwvVFQ4MjYuanBnIiwic2xpZGVzaG93IjoiY2VhNjkyZSJ9\">\n\t\t\t\t\t<div class=\"e-gallery-image elementor-gallery-item__image\" data-thumbnail=\"https:\/\/s-royaledu.com\/wp-content\/uploads\/2021\/12\/TT826-276x300.jpg\" data-width=\"276\" data-height=\"300\" aria-label=\"\" role=\"img\" ><\/div>\n\t\t\t\t\t\t\t\t\t\t\t<div class=\"elementor-gallery-item__overlay\"><\/div>\n\t\t\t\t\t\t\t\t\t\t\t\t\t\t<\/a>\n\t\t\t\t\t\t\t<a class=\"e-gallery-item elementor-gallery-item elementor-animated-content\" data-e-gallery-tags=\"0\" href=\"https:\/\/s-royaledu.com\/wp-content\/uploads\/2019\/07\/HEL0973.jpeg\" data-elementor-open-lightbox=\"yes\" data-elementor-lightbox-slideshow=\"cea692e\" data-elementor-lightbox-title=\"HEL0973\" data-e-action-hash=\"#elementor-action%3Aaction%3Dlightbox%26settings%3DeyJpZCI6MTAzMTksInVybCI6Imh0dHBzOlwvXC9zLXJveWFsZWR1LmNvbVwvd3AtY29udGVudFwvdXBsb2Fkc1wvMjAxOVwvMDdcL0hFTDA5NzMuanBlZyIsInNsaWRlc2hvdyI6ImNlYTY5MmUifQ%3D%3D\">\n\t\t\t\t\t<div class=\"e-gallery-image elementor-gallery-item__image\" data-thumbnail=\"https:\/\/s-royaledu.com\/wp-content\/uploads\/2019\/07\/HEL0973-300x169.jpeg\" data-width=\"300\" data-height=\"169\" aria-label=\"\" role=\"img\" ><\/div>\n\t\t\t\t\t\t\t\t\t\t\t<div class=\"elementor-gallery-item__overlay\"><\/div>\n\t\t\t\t\t\t\t\t\t\t\t\t\t\t<\/a>\n\t\t\t\t\t\t\t<a class=\"e-gallery-item elementor-gallery-item elementor-animated-content\" data-e-gallery-tags=\"2\" href=\"https:\/\/s-royaledu.com\/wp-content\/uploads\/2022\/10\/TEE4332.jpg\" data-elementor-open-lightbox=\"yes\" data-elementor-lightbox-slideshow=\"cea692e\" data-elementor-lightbox-title=\"TEE4332\" data-e-action-hash=\"#elementor-action%3Aaction%3Dlightbox%26settings%3DeyJpZCI6OTU0NiwidXJsIjoiaHR0cHM6XC9cL3Mtcm95YWxlZHUuY29tXC93cC1jb250ZW50XC91cGxvYWRzXC8yMDIyXC8xMFwvVEVFNDMzMi5qcGciLCJzbGlkZXNob3ciOiJjZWE2OTJlIn0%3D\">\n\t\t\t\t\t<div class=\"e-gallery-image elementor-gallery-item__image\" data-thumbnail=\"https:\/\/s-royaledu.com\/wp-content\/uploads\/2022\/10\/TEE4332-261x300.jpg\" data-width=\"261\" data-height=\"300\" aria-label=\"\" role=\"img\" ><\/div>\n\t\t\t\t\t\t\t\t\t\t\t<div class=\"elementor-gallery-item__overlay\"><\/div>\n\t\t\t\t\t\t\t\t\t\t\t\t\t\t<\/a>\n\t\t\t\t\t\t\t<a class=\"e-gallery-item elementor-gallery-item elementor-animated-content\" data-e-gallery-tags=\"0\" href=\"https:\/\/s-royaledu.com\/wp-content\/uploads\/2019\/03\/HEL612.jpeg\" data-elementor-open-lightbox=\"yes\" data-elementor-lightbox-slideshow=\"cea692e\" data-elementor-lightbox-title=\"HEL612\" data-e-action-hash=\"#elementor-action%3Aaction%3Dlightbox%26settings%3DeyJpZCI6MTAyNTMsInVybCI6Imh0dHBzOlwvXC9zLXJveWFsZWR1LmNvbVwvd3AtY29udGVudFwvdXBsb2Fkc1wvMjAxOVwvMDNcL0hFTDYxMi5qcGVnIiwic2xpZGVzaG93IjoiY2VhNjkyZSJ9\">\n\t\t\t\t\t<div class=\"e-gallery-image elementor-gallery-item__image\" data-thumbnail=\"https:\/\/s-royaledu.com\/wp-content\/uploads\/2019\/03\/HEL612-300x169.jpeg\" data-width=\"300\" data-height=\"169\" aria-label=\"\" role=\"img\" ><\/div>\n\t\t\t\t\t\t\t\t\t\t\t<div class=\"elementor-gallery-item__overlay\"><\/div>\n\t\t\t\t\t\t\t\t\t\t\t\t\t\t<\/a>\n\t\t\t\t\t\t\t<a class=\"e-gallery-item elementor-gallery-item elementor-animated-content\" data-e-gallery-tags=\"1\" href=\"https:\/\/s-royaledu.com\/wp-content\/uploads\/2021\/12\/3RAJBD.jpeg\" data-elementor-open-lightbox=\"yes\" data-elementor-lightbox-slideshow=\"cea692e\" data-elementor-lightbox-title=\"3RAJBD.jpeg\" data-e-action-hash=\"#elementor-action%3Aaction%3Dlightbox%26settings%3DeyJpZCI6ODEyNywidXJsIjoiaHR0cHM6XC9cL3Mtcm95YWxlZHUuY29tXC93cC1jb250ZW50XC91cGxvYWRzXC8yMDIxXC8xMlwvM1JBSkJELmpwZWciLCJzbGlkZXNob3ciOiJjZWE2OTJlIn0%3D\">\n\t\t\t\t\t<div class=\"e-gallery-image elementor-gallery-item__image\" data-thumbnail=\"https:\/\/s-royaledu.com\/wp-content\/uploads\/2021\/12\/3RAJBD-300x155.jpeg\" data-width=\"300\" data-height=\"155\" aria-label=\"\" role=\"img\" ><\/div>\n\t\t\t\t\t\t\t\t\t\t\t<div class=\"elementor-gallery-item__overlay\"><\/div>\n\t\t\t\t\t\t\t\t\t\t\t\t\t\t<\/a>\n\t\t\t\t\t\t\t<a class=\"e-gallery-item elementor-gallery-item elementor-animated-content\" data-e-gallery-tags=\"0\" href=\"https:\/\/s-royaledu.com\/wp-content\/uploads\/2019\/07\/COU889B.jpeg\" data-elementor-open-lightbox=\"yes\" data-elementor-lightbox-slideshow=\"cea692e\" data-elementor-lightbox-title=\"COU889B\" data-e-action-hash=\"#elementor-action%3Aaction%3Dlightbox%26settings%3DeyJpZCI6MTAyOTUsInVybCI6Imh0dHBzOlwvXC9zLXJveWFsZWR1LmNvbVwvd3AtY29udGVudFwvdXBsb2Fkc1wvMjAxOVwvMDdcL0NPVTg4OUIuanBlZyIsInNsaWRlc2hvdyI6ImNlYTY5MmUifQ%3D%3D\">\n\t\t\t\t\t<div class=\"e-gallery-image elementor-gallery-item__image\" data-thumbnail=\"https:\/\/s-royaledu.com\/wp-content\/uploads\/2019\/07\/COU889B-300x169.jpeg\" data-width=\"300\" data-height=\"169\" aria-label=\"\" role=\"img\" ><\/div>\n\t\t\t\t\t\t\t\t\t\t\t<div class=\"elementor-gallery-item__overlay\"><\/div>\n\t\t\t\t\t\t\t\t\t\t\t\t\t\t<\/a>\n\t\t\t\t\t\t\t<a class=\"e-gallery-item elementor-gallery-item elementor-animated-content\" data-e-gallery-tags=\"0\" href=\"https:\/\/s-royaledu.com\/wp-content\/uploads\/2019\/03\/HEL321.jpeg\" data-elementor-open-lightbox=\"yes\" data-elementor-lightbox-slideshow=\"cea692e\" data-elementor-lightbox-title=\"HEL321\" data-e-action-hash=\"#elementor-action%3Aaction%3Dlightbox%26settings%3DeyJpZCI6MTAyNjAsInVybCI6Imh0dHBzOlwvXC9zLXJveWFsZWR1LmNvbVwvd3AtY29udGVudFwvdXBsb2Fkc1wvMjAxOVwvMDNcL0hFTDMyMS5qcGVnIiwic2xpZGVzaG93IjoiY2VhNjkyZSJ9\">\n\t\t\t\t\t<div class=\"e-gallery-image elementor-gallery-item__image\" data-thumbnail=\"https:\/\/s-royaledu.com\/wp-content\/uploads\/2019\/03\/HEL321-300x169.jpeg\" data-width=\"300\" data-height=\"169\" aria-label=\"\" role=\"img\" ><\/div>\n\t\t\t\t\t\t\t\t\t\t\t<div class=\"elementor-gallery-item__overlay\"><\/div>\n\t\t\t\t\t\t\t\t\t\t\t\t\t\t<\/a>\n\t\t\t\t\t\t\t<a class=\"e-gallery-item elementor-gallery-item elementor-animated-content\" data-e-gallery-tags=\"0\" href=\"https:\/\/s-royaledu.com\/wp-content\/uploads\/2023\/05\/LWC-Group-Excursion-London-1.png\" data-elementor-open-lightbox=\"yes\" data-elementor-lightbox-slideshow=\"cea692e\" data-elementor-lightbox-title=\"LWC Group Excursion London-1\" data-e-action-hash=\"#elementor-action%3Aaction%3Dlightbox%26settings%3DeyJpZCI6MTMxOTEsInVybCI6Imh0dHBzOlwvXC9zLXJveWFsZWR1LmNvbVwvd3AtY29udGVudFwvdXBsb2Fkc1wvMjAyM1wvMDVcL0xXQy1Hcm91cC1FeGN1cnNpb24tTG9uZG9uLTEucG5nIiwic2xpZGVzaG93IjoiY2VhNjkyZSJ9\">\n\t\t\t\t\t<div class=\"e-gallery-image elementor-gallery-item__image\" data-thumbnail=\"https:\/\/s-royaledu.com\/wp-content\/uploads\/2023\/05\/LWC-Group-Excursion-London-1-300x200.png\" data-width=\"300\" data-height=\"200\" aria-label=\"\" role=\"img\" ><\/div>\n\t\t\t\t\t\t\t\t\t\t\t<div class=\"elementor-gallery-item__overlay\"><\/div>\n\t\t\t\t\t\t\t\t\t\t\t\t\t\t<\/a>\n\t\t\t\t\t\t\t<a class=\"e-gallery-item elementor-gallery-item elementor-animated-content\" data-e-gallery-tags=\"1\" href=\"https:\/\/s-royaledu.com\/wp-content\/uploads\/2019\/10\/about-image-1.jpg\" data-elementor-open-lightbox=\"yes\" data-elementor-lightbox-slideshow=\"cea692e\" data-elementor-lightbox-title=\"about-image\" data-e-action-hash=\"#elementor-action%3Aaction%3Dlightbox%26settings%3DeyJpZCI6NDM3MSwidXJsIjoiaHR0cHM6XC9cL3Mtcm95YWxlZHUuY29tXC93cC1jb250ZW50XC91cGxvYWRzXC8yMDE5XC8xMFwvYWJvdXQtaW1hZ2UtMS5qcGciLCJzbGlkZXNob3ciOiJjZWE2OTJlIn0%3D\">\n\t\t\t\t\t<div class=\"e-gallery-image elementor-gallery-item__image\" data-thumbnail=\"https:\/\/s-royaledu.com\/wp-content\/uploads\/2019\/10\/about-image-1-300x201.jpg\" data-width=\"300\" data-height=\"201\" aria-label=\"\" role=\"img\" ><\/div>\n\t\t\t\t\t\t\t\t\t\t\t<div class=\"elementor-gallery-item__overlay\"><\/div>\n\t\t\t\t\t\t\t\t\t\t\t\t\t\t<\/a>\n\t\t\t\t\t\t\t<a class=\"e-gallery-item elementor-gallery-item elementor-animated-content\" data-e-gallery-tags=\"2\" href=\"https:\/\/s-royaledu.com\/wp-content\/uploads\/2022\/10\/TEE08434.jpg\" data-elementor-open-lightbox=\"yes\" data-elementor-lightbox-slideshow=\"cea692e\" data-elementor-lightbox-title=\"TEE08434\" data-e-action-hash=\"#elementor-action%3Aaction%3Dlightbox%26settings%3DeyJpZCI6OTUyNywidXJsIjoiaHR0cHM6XC9cL3Mtcm95YWxlZHUuY29tXC93cC1jb250ZW50XC91cGxvYWRzXC8yMDIyXC8xMFwvVEVFMDg0MzQuanBnIiwic2xpZGVzaG93IjoiY2VhNjkyZSJ9\">\n\t\t\t\t\t<div class=\"e-gallery-image elementor-gallery-item__image\" data-thumbnail=\"https:\/\/s-royaledu.com\/wp-content\/uploads\/2022\/10\/TEE08434-261x300.jpg\" data-width=\"261\" data-height=\"300\" aria-label=\"\" role=\"img\" ><\/div>\n\t\t\t\t\t\t\t\t\t\t\t<div class=\"elementor-gallery-item__overlay\"><\/div>\n\t\t\t\t\t\t\t\t\t\t\t\t\t\t<\/a>\n\t\t\t\t\t\t\t<a class=\"e-gallery-item elementor-gallery-item elementor-animated-content\" data-e-gallery-tags=\"2\" href=\"https:\/\/s-royaledu.com\/wp-content\/uploads\/2022\/10\/TEE86680.jpg\" data-elementor-open-lightbox=\"yes\" data-elementor-lightbox-slideshow=\"cea692e\" data-elementor-lightbox-title=\"TEE86680\" data-e-action-hash=\"#elementor-action%3Aaction%3Dlightbox%26settings%3DeyJpZCI6OTUzMywidXJsIjoiaHR0cHM6XC9cL3Mtcm95YWxlZHUuY29tXC93cC1jb250ZW50XC91cGxvYWRzXC8yMDIyXC8xMFwvVEVFODY2ODAuanBnIiwic2xpZGVzaG93IjoiY2VhNjkyZSJ9\">\n\t\t\t\t\t<div class=\"e-gallery-image elementor-gallery-item__image\" data-thumbnail=\"https:\/\/s-royaledu.com\/wp-content\/uploads\/2022\/10\/TEE86680-261x300.jpg\" data-width=\"261\" data-height=\"300\" aria-label=\"\" role=\"img\" ><\/div>\n\t\t\t\t\t\t\t\t\t\t\t<div class=\"elementor-gallery-item__overlay\"><\/div>\n\t\t\t\t\t\t\t\t\t\t\t\t\t\t<\/a>\n\t\t\t\t\t\t\t<a class=\"e-gallery-item elementor-gallery-item elementor-animated-content\" data-e-gallery-tags=\"2\" href=\"https:\/\/s-royaledu.com\/wp-content\/uploads\/2022\/10\/TEE3212.jpg\" data-elementor-open-lightbox=\"yes\" data-elementor-lightbox-slideshow=\"cea692e\" data-elementor-lightbox-title=\"TEE3212\" data-e-action-hash=\"#elementor-action%3Aaction%3Dlightbox%26settings%3DeyJpZCI6OTUzNSwidXJsIjoiaHR0cHM6XC9cL3Mtcm95YWxlZHUuY29tXC93cC1jb250ZW50XC91cGxvYWRzXC8yMDIyXC8xMFwvVEVFMzIxMi5qcGciLCJzbGlkZXNob3ciOiJjZWE2OTJlIn0%3D\">\n\t\t\t\t\t<div class=\"e-gallery-image elementor-gallery-item__image\" data-thumbnail=\"https:\/\/s-royaledu.com\/wp-content\/uploads\/2022\/10\/TEE3212-261x300.jpg\" data-width=\"261\" data-height=\"300\" aria-label=\"\" role=\"img\" ><\/div>\n\t\t\t\t\t\t\t\t\t\t\t<div class=\"elementor-gallery-item__overlay\"><\/div>\n\t\t\t\t\t\t\t\t\t\t\t\t\t\t<\/a>\n\t\t\t\t\t\t\t<a class=\"e-gallery-item elementor-gallery-item elementor-animated-content\" data-e-gallery-tags=\"1\" href=\"https:\/\/s-royaledu.com\/wp-content\/uploads\/2020\/06\/sld6.jpg\" data-elementor-open-lightbox=\"yes\" data-elementor-lightbox-slideshow=\"cea692e\" data-elementor-lightbox-title=\"sld6.jpg\" data-e-action-hash=\"#elementor-action%3Aaction%3Dlightbox%26settings%3DeyJpZCI6NTYwMiwidXJsIjoiaHR0cHM6XC9cL3Mtcm95YWxlZHUuY29tXC93cC1jb250ZW50XC91cGxvYWRzXC8yMDIwXC8wNlwvc2xkNi5qcGciLCJzbGlkZXNob3ciOiJjZWE2OTJlIn0%3D\">\n\t\t\t\t\t<div class=\"e-gallery-image elementor-gallery-item__image\" data-thumbnail=\"https:\/\/s-royaledu.com\/wp-content\/uploads\/2020\/06\/sld6-300x185.jpg\" data-width=\"300\" data-height=\"185\" aria-label=\"\" role=\"img\" ><\/div>\n\t\t\t\t\t\t\t\t\t\t\t<div class=\"elementor-gallery-item__overlay\"><\/div>\n\t\t\t\t\t\t\t\t\t\t\t\t\t\t<\/a>\n\t\t\t\t\t\t\t<a class=\"e-gallery-item elementor-gallery-item elementor-animated-content\" data-e-gallery-tags=\"1\" href=\"https:\/\/s-royaledu.com\/wp-content\/uploads\/2020\/06\/h5903.jpg\" data-elementor-open-lightbox=\"yes\" data-elementor-lightbox-slideshow=\"cea692e\" data-elementor-lightbox-title=\"h5903.jpg\" data-e-action-hash=\"#elementor-action%3Aaction%3Dlightbox%26settings%3DeyJpZCI6NTYxOCwidXJsIjoiaHR0cHM6XC9cL3Mtcm95YWxlZHUuY29tXC93cC1jb250ZW50XC91cGxvYWRzXC8yMDIwXC8wNlwvaDU5MDMuanBnIiwic2xpZGVzaG93IjoiY2VhNjkyZSJ9\">\n\t\t\t\t\t<div class=\"e-gallery-image elementor-gallery-item__image\" data-thumbnail=\"https:\/\/s-royaledu.com\/wp-content\/uploads\/2020\/06\/h5903-219x300.jpg\" data-width=\"219\" data-height=\"300\" aria-label=\"\" role=\"img\" ><\/div>\n\t\t\t\t\t\t\t\t\t\t\t<div class=\"elementor-gallery-item__overlay\"><\/div>\n\t\t\t\t\t\t\t\t\t\t\t\t\t\t<\/a>\n\t\t\t\t\t\t\t<a class=\"e-gallery-item elementor-gallery-item elementor-animated-content\" data-e-gallery-tags=\"2\" href=\"https:\/\/s-royaledu.com\/wp-content\/uploads\/2022\/10\/TEE07400.jpg\" data-elementor-open-lightbox=\"yes\" data-elementor-lightbox-slideshow=\"cea692e\" data-elementor-lightbox-title=\"TEE07400\" data-e-action-hash=\"#elementor-action%3Aaction%3Dlightbox%26settings%3DeyJpZCI6OTU1MSwidXJsIjoiaHR0cHM6XC9cL3Mtcm95YWxlZHUuY29tXC93cC1jb250ZW50XC91cGxvYWRzXC8yMDIyXC8xMFwvVEVFMDc0MDAuanBnIiwic2xpZGVzaG93IjoiY2VhNjkyZSJ9\">\n\t\t\t\t\t<div class=\"e-gallery-image elementor-gallery-item__image\" data-thumbnail=\"https:\/\/s-royaledu.com\/wp-content\/uploads\/2022\/10\/TEE07400-261x300.jpg\" data-width=\"261\" data-height=\"300\" aria-label=\"\" role=\"img\" ><\/div>\n\t\t\t\t\t\t\t\t\t\t\t<div class=\"elementor-gallery-item__overlay\"><\/div>\n\t\t\t\t\t\t\t\t\t\t\t\t\t\t<\/a>\n\t\t\t\t\t\t\t<a class=\"e-gallery-item elementor-gallery-item elementor-animated-content\" data-e-gallery-tags=\"2\" href=\"https:\/\/s-royaledu.com\/wp-content\/uploads\/2022\/10\/TEET330.jpg\" data-elementor-open-lightbox=\"yes\" data-elementor-lightbox-slideshow=\"cea692e\" data-elementor-lightbox-title=\"TEET330\" data-e-action-hash=\"#elementor-action%3Aaction%3Dlightbox%26settings%3DeyJpZCI6OTU1NiwidXJsIjoiaHR0cHM6XC9cL3Mtcm95YWxlZHUuY29tXC93cC1jb250ZW50XC91cGxvYWRzXC8yMDIyXC8xMFwvVEVFVDMzMC5qcGciLCJzbGlkZXNob3ciOiJjZWE2OTJlIn0%3D\">\n\t\t\t\t\t<div class=\"e-gallery-image elementor-gallery-item__image\" data-thumbnail=\"https:\/\/s-royaledu.com\/wp-content\/uploads\/2022\/10\/TEET330-261x300.jpg\" data-width=\"261\" data-height=\"300\" aria-label=\"\" role=\"img\" ><\/div>\n\t\t\t\t\t\t\t\t\t\t\t<div class=\"elementor-gallery-item__overlay\"><\/div>\n\t\t\t\t\t\t\t\t\t\t\t\t\t\t<\/a>\n\t\t\t\t\t\t\t<a class=\"e-gallery-item elementor-gallery-item elementor-animated-content\" data-e-gallery-tags=\"0\" href=\"https:\/\/s-royaledu.com\/wp-content\/uploads\/2019\/07\/BBT646.jpeg\" data-elementor-open-lightbox=\"yes\" data-elementor-lightbox-slideshow=\"cea692e\" data-elementor-lightbox-title=\"BBT646\" data-e-action-hash=\"#elementor-action%3Aaction%3Dlightbox%26settings%3DeyJpZCI6MTAyOTcsInVybCI6Imh0dHBzOlwvXC9zLXJveWFsZWR1LmNvbVwvd3AtY29udGVudFwvdXBsb2Fkc1wvMjAxOVwvMDdcL0JCVDY0Ni5qcGVnIiwic2xpZGVzaG93IjoiY2VhNjkyZSJ9\">\n\t\t\t\t\t<div class=\"e-gallery-image elementor-gallery-item__image\" data-thumbnail=\"https:\/\/s-royaledu.com\/wp-content\/uploads\/2019\/07\/BBT646-300x169.jpeg\" data-width=\"300\" data-height=\"169\" aria-label=\"\" role=\"img\" ><\/div>\n\t\t\t\t\t\t\t\t\t\t\t<div class=\"elementor-gallery-item__overlay\"><\/div>\n\t\t\t\t\t\t\t\t\t\t\t\t\t\t<\/a>\n\t\t\t\t\t\t\t<a class=\"e-gallery-item elementor-gallery-item elementor-animated-content\" data-e-gallery-tags=\"2\" href=\"https:\/\/s-royaledu.com\/wp-content\/uploads\/2022\/10\/TEE21113.jpg\" data-elementor-open-lightbox=\"yes\" data-elementor-lightbox-slideshow=\"cea692e\" data-elementor-lightbox-title=\"TEE21113\" data-e-action-hash=\"#elementor-action%3Aaction%3Dlightbox%26settings%3DeyJpZCI6OTUzNiwidXJsIjoiaHR0cHM6XC9cL3Mtcm95YWxlZHUuY29tXC93cC1jb250ZW50XC91cGxvYWRzXC8yMDIyXC8xMFwvVEVFMjExMTMuanBnIiwic2xpZGVzaG93IjoiY2VhNjkyZSJ9\">\n\t\t\t\t\t<div class=\"e-gallery-image elementor-gallery-item__image\" data-thumbnail=\"https:\/\/s-royaledu.com\/wp-content\/uploads\/2022\/10\/TEE21113-261x300.jpg\" data-width=\"261\" data-height=\"300\" aria-label=\"\" role=\"img\" ><\/div>\n\t\t\t\t\t\t\t\t\t\t\t<div class=\"elementor-gallery-item__overlay\"><\/div>\n\t\t\t\t\t\t\t\t\t\t\t\t\t\t<\/a>\n\t\t\t\t\t\t\t<a class=\"e-gallery-item elementor-gallery-item elementor-animated-content\" data-e-gallery-tags=\"0\" href=\"https:\/\/s-royaledu.com\/wp-content\/uploads\/2019\/07\/HEL98MX.jpeg\" data-elementor-open-lightbox=\"yes\" data-elementor-lightbox-slideshow=\"cea692e\" data-elementor-lightbox-title=\"HEL98MX\" data-e-action-hash=\"#elementor-action%3Aaction%3Dlightbox%26settings%3DeyJpZCI6MTAzMTEsInVybCI6Imh0dHBzOlwvXC9zLXJveWFsZWR1LmNvbVwvd3AtY29udGVudFwvdXBsb2Fkc1wvMjAxOVwvMDdcL0hFTDk4TVguanBlZyIsInNsaWRlc2hvdyI6ImNlYTY5MmUifQ%3D%3D\">\n\t\t\t\t\t<div class=\"e-gallery-image elementor-gallery-item__image\" data-thumbnail=\"https:\/\/s-royaledu.com\/wp-content\/uploads\/2019\/07\/HEL98MX-300x169.jpeg\" data-width=\"300\" data-height=\"169\" aria-label=\"\" role=\"img\" ><\/div>\n\t\t\t\t\t\t\t\t\t\t\t<div class=\"elementor-gallery-item__overlay\"><\/div>\n\t\t\t\t\t\t\t\t\t\t\t\t\t\t<\/a>\n\t\t\t\t\t<\/div>\n\t\t\t<\/div>\n\t\t\t\t<\/div>\n\t\t\t\t\t<\/div>\n\t\t<\/div>\n\t\t\t\t\t<\/div>\n\t\t<\/section>\n\t\t\t\t<\/div>","protected":false},"excerpt":{"rendered":"<p>T\u00fcm\u00fc Yurtd\u0131\u015f\u0131 E\u011fitim \u00d6\u011frencilerimizden Access Study<\/p>","protected":false},"author":1,"featured_media":0,"parent":0,"menu_order":0,"comment_status":"closed","ping_status":"closed","template":"","meta":{"footnotes":""},"class_list":["post-13900","page","type-page","status-publish","hentry"],"_links":{"self":[{"href":"https:\/\/s-royaledu.com\/eng\/wp-json\/wp\/v2\/pages\/13900"}],"collection":[{"href":"https:\/\/s-royaledu.com\/eng\/wp-json\/wp\/v2\/pages"}],"about":[{"href":"https:\/\/s-royaledu.com\/eng\/wp-json\/wp\/v2\/types\/page"}],"author":[{"embeddable":true,"href":"https:\/\/s-royaledu.com\/eng\/wp-json\/wp\/v2\/users\/1"}],"replies":[{"embeddable":true,"href":"https:\/\/s-royaledu.com\/eng\/wp-json\/wp\/v2\/comments?post=13900"}],"version-history":[{"count":0,"href":"https:\/\/s-royaledu.com\/eng\/wp-json\/wp\/v2\/pages\/13900\/revisions"}],"wp:attachment":[{"href":"https:\/\/s-royaledu.com\/eng\/wp-json\/wp\/v2\/media?parent=13900"}],"curies":[{"name":"wp","href":"https:\/\/api.w.org\/{rel}","templated":true}]}}