{"id":18328,"date":"2023-08-13T17:33:15","date_gmt":"2023-08-13T17:33:15","guid":{"rendered":"https:\/\/accessstudy.artcrea.com.tr\/?page_id=18328"},"modified":"2023-12-16T18:03:32","modified_gmt":"2023-12-16T18:03:32","slug":"vize","status":"publish","type":"page","link":"https:\/\/s-royaledu.com\/eng\/vize\/","title":{"rendered":"Visa Services"},"content":{"rendered":"<div data-elementor-type=\"wp-page\" data-elementor-id=\"18328\" class=\"elementor elementor-18328\" data-elementor-post-type=\"page\">\n\t\t\t\t\t\t<section class=\"elementor-section elementor-top-section elementor-element elementor-element-f0c3df9 elementor-section-boxed elementor-section-height-default elementor-section-height-default\" data-id=\"f0c3df9\" data-element_type=\"section\">\n\t\t\t\t\t\t<div class=\"elementor-container elementor-column-gap-default\">\n\t\t\t\t\t<div class=\"elementor-column elementor-col-100 elementor-top-column elementor-element elementor-element-aaafd75\" data-id=\"aaafd75\" data-element_type=\"column\">\n\t\t\t<div class=\"elementor-widget-wrap elementor-element-populated\">\n\t\t\t\t\t\t<div class=\"elementor-element elementor-element-686d6cc elementor-widget elementor-widget-text-editor\" data-id=\"686d6cc\" data-element_type=\"widget\" data-widget_type=\"text-editor.default\">\n\t\t\t\t<div class=\"elementor-widget-container\">\n\t\t\t\t\t\t\t<p>Visa services generally refer to the process of obtaining a visa to travel to another country. A visa is an official document or stamp issued by the government of a country that allows a person to enter, stay or leave that country for a specified period and purpose.<\/p><p>Different countries require tourist visa, study visa, student visa, business visa, etc. It offers various visa types such as:<\/p>\t\t\t\t\t\t<\/div>\n\t\t\t\t<\/div>\n\t\t\t\t\t<\/div>\n\t\t<\/div>\n\t\t\t\t\t<\/div>\n\t\t<\/section>\n\t\t\t\t<section class=\"elementor-section elementor-top-section elementor-element elementor-element-3e1b689 elementor-section-boxed elementor-section-height-default elementor-section-height-default\" data-id=\"3e1b689\" data-element_type=\"section\">\n\t\t\t\t\t\t<div class=\"elementor-container elementor-column-gap-default\">\n\t\t\t\t\t<div class=\"elementor-column elementor-col-100 elementor-top-column elementor-element elementor-element-6ba1d87\" data-id=\"6ba1d87\" data-element_type=\"column\">\n\t\t\t<div class=\"elementor-widget-wrap elementor-element-populated\">\n\t\t\t\t\t\t<div class=\"elementor-element elementor-element-feba7ec elementor-widget elementor-widget-image\" data-id=\"feba7ec\" data-element_type=\"widget\" data-widget_type=\"image.default\">\n\t\t\t\t<div class=\"elementor-widget-container\">\n\t\t\t\t\t\t\t\t\t\t\t\t\t<img fetchpriority=\"high\" decoding=\"async\" width=\"2000\" height=\"772\" src=\"https:\/\/s-royaledu.com\/wp-content\/uploads\/2023\/12\/vize2.jpg\" class=\"attachment-full size-full wp-image-23277\" alt=\"\" srcset=\"https:\/\/s-royaledu.com\/wp-content\/uploads\/2023\/12\/vize2.jpg 2000w, https:\/\/s-royaledu.com\/wp-content\/uploads\/2023\/12\/vize2-300x116.jpg 300w, https:\/\/s-royaledu.com\/wp-content\/uploads\/2023\/12\/vize2-1024x395.jpg 1024w, https:\/\/s-royaledu.com\/wp-content\/uploads\/2023\/12\/vize2-768x296.jpg 768w, https:\/\/s-royaledu.com\/wp-content\/uploads\/2023\/12\/vize2-1536x593.jpg 1536w, https:\/\/s-royaledu.com\/wp-content\/uploads\/2023\/12\/vize2-18x7.jpg 18w\" sizes=\"(max-width: 2000px) 100vw, 2000px\" \/>\t\t\t\t\t\t\t\t\t\t\t\t\t<\/div>\n\t\t\t\t<\/div>\n\t\t\t\t\t<\/div>\n\t\t<\/div>\n\t\t\t\t\t<\/div>\n\t\t<\/section>\n\t\t\t\t<section class=\"elementor-section elementor-top-section elementor-element elementor-element-bf63750 elementor-section-boxed elementor-section-height-default elementor-section-height-default\" data-id=\"bf63750\" data-element_type=\"section\">\n\t\t\t\t\t\t<div class=\"elementor-container elementor-column-gap-default\">\n\t\t\t\t\t<div class=\"elementor-column elementor-col-100 elementor-top-column elementor-element elementor-element-c05d13e\" data-id=\"c05d13e\" data-element_type=\"column\">\n\t\t\t<div class=\"elementor-widget-wrap elementor-element-populated\">\n\t\t\t\t\t\t<div class=\"elementor-element elementor-element-cf9a52e elementor-widget elementor-widget-text-editor\" data-id=\"cf9a52e\" data-element_type=\"widget\" data-widget_type=\"text-editor.default\">\n\t\t\t\t<div class=\"elementor-widget-container\">\n\t\t\t\t\t\t\t<p>Each country has its own visa requirements. Common requirements include a valid passport, visa application form, passport photo, proof of travel arrangements, proof of accommodation and financial proof. Depending on the type of visa requested, the type of documents requested by Consulates or Embassies may vary.<\/p><p>Visa processing times vary depending on the country and visa type. It is important to apply well in advance of your planned travel dates. Note that visa requirements and processes may change. If you have specific questions about visa services for a particular country, feel free to ask!<\/p>\t\t\t\t\t\t<\/div>\n\t\t\t\t<\/div>\n\t\t\t\t\t<\/div>\n\t\t<\/div>\n\t\t\t\t\t<\/div>\n\t\t<\/section>\n\t\t\t\t<section class=\"elementor-section elementor-top-section elementor-element elementor-element-3ea879e elementor-section-boxed elementor-section-height-default elementor-section-height-default\" data-id=\"3ea879e\" data-element_type=\"section\">\n\t\t\t\t\t\t<div class=\"elementor-container elementor-column-gap-default\">\n\t\t\t\t\t<div class=\"elementor-column elementor-col-100 elementor-top-column elementor-element elementor-element-e6903e2\" data-id=\"e6903e2\" data-element_type=\"column\">\n\t\t\t<div class=\"elementor-widget-wrap elementor-element-populated\">\n\t\t\t\t\t\t<div class=\"elementor-element elementor-element-14d3db0 elementor-widget elementor-widget-image\" data-id=\"14d3db0\" data-element_type=\"widget\" data-widget_type=\"image.default\">\n\t\t\t\t<div class=\"elementor-widget-container\">\n\t\t\t\t\t\t\t\t\t\t\t\t\t<img decoding=\"async\" width=\"2000\" height=\"772\" src=\"https:\/\/s-royaledu.com\/wp-content\/uploads\/2023\/12\/vize22-1.jpg\" class=\"attachment-full size-full wp-image-23281\" alt=\"\" srcset=\"https:\/\/s-royaledu.com\/wp-content\/uploads\/2023\/12\/vize22-1.jpg 2000w, https:\/\/s-royaledu.com\/wp-content\/uploads\/2023\/12\/vize22-1-300x116.jpg 300w, https:\/\/s-royaledu.com\/wp-content\/uploads\/2023\/12\/vize22-1-1024x395.jpg 1024w, https:\/\/s-royaledu.com\/wp-content\/uploads\/2023\/12\/vize22-1-768x296.jpg 768w, https:\/\/s-royaledu.com\/wp-content\/uploads\/2023\/12\/vize22-1-1536x593.jpg 1536w, https:\/\/s-royaledu.com\/wp-content\/uploads\/2023\/12\/vize22-1-18x7.jpg 18w\" sizes=\"(max-width: 2000px) 100vw, 2000px\" \/>\t\t\t\t\t\t\t\t\t\t\t\t\t<\/div>\n\t\t\t\t<\/div>\n\t\t\t\t\t<\/div>\n\t\t<\/div>\n\t\t\t\t\t<\/div>\n\t\t<\/section>\n\t\t\t\t<\/div>","protected":false},"excerpt":{"rendered":"<p>Vize hizmetleri genellikle ba\u015fka bir \u00fclkeye seyahat etmek i\u00e7in vize alma s\u00fcrecini ifade eder. Vize, bir ki\u015finin belirli bir s\u00fcre ve ama\u00e7 i\u00e7in o \u00fclkeye girmesine, orada kalmas\u0131na veya \u00fclkeden ayr\u0131lmas\u0131na izin veren, bir \u00fclkenin h\u00fck\u00fcmeti taraf\u0131ndan verilen resmi bir belge veya damgad\u0131r. Farkl\u0131 \u00fclkeler [&hellip;]<\/p>","protected":false},"author":1,"featured_media":0,"parent":0,"menu_order":0,"comment_status":"closed","ping_status":"closed","template":"","meta":{"footnotes":""},"class_list":["post-18328","page","type-page","status-publish","hentry"],"_links":{"self":[{"href":"https:\/\/s-royaledu.com\/eng\/wp-json\/wp\/v2\/pages\/18328"}],"collection":[{"href":"https:\/\/s-royaledu.com\/eng\/wp-json\/wp\/v2\/pages"}],"about":[{"href":"https:\/\/s-royaledu.com\/eng\/wp-json\/wp\/v2\/types\/page"}],"author":[{"embeddable":true,"href":"https:\/\/s-royaledu.com\/eng\/wp-json\/wp\/v2\/users\/1"}],"replies":[{"embeddable":true,"href":"https:\/\/s-royaledu.com\/eng\/wp-json\/wp\/v2\/comments?post=18328"}],"version-history":[{"count":0,"href":"https:\/\/s-royaledu.com\/eng\/wp-json\/wp\/v2\/pages\/18328\/revisions"}],"wp:attachment":[{"href":"https:\/\/s-royaledu.com\/eng\/wp-json\/wp\/v2\/media?parent=18328"}],"curies":[{"name":"wp","href":"https:\/\/api.w.org\/{rel}","templated":true}]}}