{"id":23768,"date":"2023-12-20T14:30:41","date_gmt":"2023-12-20T14:30:41","guid":{"rendered":"https:\/\/s-royaledu.com\/?page_id=23768"},"modified":"2023-12-21T11:31:47","modified_gmt":"2023-12-21T11:31:47","slug":"lise","status":"publish","type":"page","link":"https:\/\/s-royaledu.com\/eng\/lise\/","title":{"rendered":"High School"},"content":{"rendered":"<div data-elementor-type=\"wp-page\" data-elementor-id=\"23768\" class=\"elementor elementor-23768\" data-elementor-post-type=\"page\">\n\t\t\t\t\t\t<section class=\"elementor-section elementor-top-section elementor-element elementor-element-15fcb3f elementor-section-boxed elementor-section-height-default elementor-section-height-default\" data-id=\"15fcb3f\" data-element_type=\"section\">\n\t\t\t\t\t\t<div class=\"elementor-container elementor-column-gap-default\">\n\t\t\t\t\t<div class=\"elementor-column elementor-col-100 elementor-top-column elementor-element elementor-element-44b0ed2\" data-id=\"44b0ed2\" data-element_type=\"column\">\n\t\t\t<div class=\"elementor-widget-wrap elementor-element-populated\">\n\t\t\t\t\t\t<div class=\"elementor-element elementor-element-16e580f elementor-widget elementor-widget-text-editor\" data-id=\"16e580f\" data-element_type=\"widget\" data-widget_type=\"text-editor.default\">\n\t\t\t\t<div class=\"elementor-widget-container\">\n\t\t\t\t\t\t\t<p>Remember that studying higher education abroad requires careful planning and preparation. Studying High School abroad will be an excellent opportunity for personal development, cultural exchange and building a global network. It will help add value to cultural differences, language learning, and personal development. This age group will add value to the development and vision of students. It is very important to meet the University Admission requirements and Admission requirements of the countries. Therefore, high school education and grades received should be taken into consideration. You can get information from our education consultants for additional support and guidance on this subject.<\/p>\t\t\t\t\t\t<\/div>\n\t\t\t\t<\/div>\n\t\t\t\t\t<\/div>\n\t\t<\/div>\n\t\t\t\t\t<\/div>\n\t\t<\/section>\n\t\t\t\t<section class=\"elementor-section elementor-top-section elementor-element elementor-element-6264fc6 elementor-section-boxed elementor-section-height-default elementor-section-height-default\" data-id=\"6264fc6\" data-element_type=\"section\">\n\t\t\t\t\t\t<div class=\"elementor-container elementor-column-gap-default\">\n\t\t\t\t\t<div class=\"elementor-column elementor-col-50 elementor-top-column elementor-element elementor-element-7cba061\" data-id=\"7cba061\" data-element_type=\"column\">\n\t\t\t<div class=\"elementor-widget-wrap elementor-element-populated\">\n\t\t\t\t\t\t<div class=\"elementor-element elementor-element-4204649 elementor-widget elementor-widget-image\" data-id=\"4204649\" data-element_type=\"widget\" data-widget_type=\"image.default\">\n\t\t\t\t<div class=\"elementor-widget-container\">\n\t\t\t\t\t\t\t\t\t\t\t\t\t<img fetchpriority=\"high\" decoding=\"async\" width=\"525\" height=\"350\" src=\"https:\/\/s-royaledu.com\/wp-content\/uploads\/2023\/12\/lise-1-1024x683.jpg\" class=\"attachment-large size-large wp-image-23770\" alt=\"\" srcset=\"https:\/\/s-royaledu.com\/wp-content\/uploads\/2023\/12\/lise-1-1024x683.jpg 1024w, https:\/\/s-royaledu.com\/wp-content\/uploads\/2023\/12\/lise-1-300x200.jpg 300w, https:\/\/s-royaledu.com\/wp-content\/uploads\/2023\/12\/lise-1-768x512.jpg 768w, https:\/\/s-royaledu.com\/wp-content\/uploads\/2023\/12\/lise-1-1536x1024.jpg 1536w, https:\/\/s-royaledu.com\/wp-content\/uploads\/2023\/12\/lise-1-2048x1365.jpg 2048w, https:\/\/s-royaledu.com\/wp-content\/uploads\/2023\/12\/lise-1-18x12.jpg 18w\" sizes=\"(max-width: 525px) 100vw, 525px\" \/>\t\t\t\t\t\t\t\t\t\t\t\t\t<\/div>\n\t\t\t\t<\/div>\n\t\t\t\t\t<\/div>\n\t\t<\/div>\n\t\t\t\t<div class=\"elementor-column elementor-col-50 elementor-top-column elementor-element elementor-element-0351bbf\" data-id=\"0351bbf\" data-element_type=\"column\">\n\t\t\t<div class=\"elementor-widget-wrap elementor-element-populated\">\n\t\t\t\t\t\t<div class=\"elementor-element elementor-element-0e413ea elementor-widget elementor-widget-image\" data-id=\"0e413ea\" data-element_type=\"widget\" data-widget_type=\"image.default\">\n\t\t\t\t<div class=\"elementor-widget-container\">\n\t\t\t\t\t\t\t\t\t\t\t\t\t<img decoding=\"async\" width=\"525\" height=\"350\" src=\"https:\/\/s-royaledu.com\/wp-content\/uploads\/2023\/12\/lise-2-1024x683.jpg\" class=\"attachment-large size-large wp-image-23771\" alt=\"\" srcset=\"https:\/\/s-royaledu.com\/wp-content\/uploads\/2023\/12\/lise-2-1024x683.jpg 1024w, https:\/\/s-royaledu.com\/wp-content\/uploads\/2023\/12\/lise-2-300x200.jpg 300w, https:\/\/s-royaledu.com\/wp-content\/uploads\/2023\/12\/lise-2-768x512.jpg 768w, https:\/\/s-royaledu.com\/wp-content\/uploads\/2023\/12\/lise-2-1536x1024.jpg 1536w, https:\/\/s-royaledu.com\/wp-content\/uploads\/2023\/12\/lise-2-2048x1365.jpg 2048w, https:\/\/s-royaledu.com\/wp-content\/uploads\/2023\/12\/lise-2-18x12.jpg 18w\" sizes=\"(max-width: 525px) 100vw, 525px\" \/>\t\t\t\t\t\t\t\t\t\t\t\t\t<\/div>\n\t\t\t\t<\/div>\n\t\t\t\t\t<\/div>\n\t\t<\/div>\n\t\t\t\t\t<\/div>\n\t\t<\/section>\n\t\t\t\t<section class=\"elementor-section elementor-top-section elementor-element elementor-element-407030b elementor-section-boxed elementor-section-height-default elementor-section-height-default\" data-id=\"407030b\" data-element_type=\"section\">\n\t\t\t\t\t\t<div class=\"elementor-container elementor-column-gap-default\">\n\t\t\t\t\t<div class=\"elementor-column elementor-col-50 elementor-top-column elementor-element elementor-element-8df8204\" data-id=\"8df8204\" data-element_type=\"column\">\n\t\t\t<div class=\"elementor-widget-wrap elementor-element-populated\">\n\t\t\t\t\t\t<div class=\"elementor-element elementor-element-bbd53ce elementor-widget elementor-widget-image\" data-id=\"bbd53ce\" data-element_type=\"widget\" data-widget_type=\"image.default\">\n\t\t\t\t<div class=\"elementor-widget-container\">\n\t\t\t\t\t\t\t\t\t\t\t\t\t<img decoding=\"async\" width=\"525\" height=\"340\" src=\"https:\/\/s-royaledu.com\/wp-content\/uploads\/2023\/12\/lise-3-1024x664.jpg\" class=\"attachment-large size-large wp-image-23772\" alt=\"\" srcset=\"https:\/\/s-royaledu.com\/wp-content\/uploads\/2023\/12\/lise-3-1024x664.jpg 1024w, https:\/\/s-royaledu.com\/wp-content\/uploads\/2023\/12\/lise-3-300x195.jpg 300w, https:\/\/s-royaledu.com\/wp-content\/uploads\/2023\/12\/lise-3-768x498.jpg 768w, https:\/\/s-royaledu.com\/wp-content\/uploads\/2023\/12\/lise-3-1536x997.jpg 1536w, https:\/\/s-royaledu.com\/wp-content\/uploads\/2023\/12\/lise-3-2048x1329.jpg 2048w, https:\/\/s-royaledu.com\/wp-content\/uploads\/2023\/12\/lise-3-18x12.jpg 18w\" sizes=\"(max-width: 525px) 100vw, 525px\" \/>\t\t\t\t\t\t\t\t\t\t\t\t\t<\/div>\n\t\t\t\t<\/div>\n\t\t\t\t\t<\/div>\n\t\t<\/div>\n\t\t\t\t<div class=\"elementor-column elementor-col-50 elementor-top-column elementor-element elementor-element-cf29cbf\" data-id=\"cf29cbf\" data-element_type=\"column\">\n\t\t\t<div class=\"elementor-widget-wrap elementor-element-populated\">\n\t\t\t\t\t\t<div class=\"elementor-element elementor-element-496ae67 elementor-widget elementor-widget-image\" data-id=\"496ae67\" data-element_type=\"widget\" data-widget_type=\"image.default\">\n\t\t\t\t<div class=\"elementor-widget-container\">\n\t\t\t\t\t\t\t\t\t\t\t\t\t<img loading=\"lazy\" decoding=\"async\" width=\"525\" height=\"350\" src=\"https:\/\/s-royaledu.com\/wp-content\/uploads\/2023\/12\/lise-6-1024x683.jpg\" class=\"attachment-large size-large wp-image-23773\" alt=\"\" srcset=\"https:\/\/s-royaledu.com\/wp-content\/uploads\/2023\/12\/lise-6-1024x683.jpg 1024w, https:\/\/s-royaledu.com\/wp-content\/uploads\/2023\/12\/lise-6-300x200.jpg 300w, https:\/\/s-royaledu.com\/wp-content\/uploads\/2023\/12\/lise-6-768x513.jpg 768w, https:\/\/s-royaledu.com\/wp-content\/uploads\/2023\/12\/lise-6-1536x1025.jpg 1536w, https:\/\/s-royaledu.com\/wp-content\/uploads\/2023\/12\/lise-6-2048x1367.jpg 2048w, https:\/\/s-royaledu.com\/wp-content\/uploads\/2023\/12\/lise-6-18x12.jpg 18w\" sizes=\"(max-width: 525px) 100vw, 525px\" \/>\t\t\t\t\t\t\t\t\t\t\t\t\t<\/div>\n\t\t\t\t<\/div>\n\t\t\t\t\t<\/div>\n\t\t<\/div>\n\t\t\t\t\t<\/div>\n\t\t<\/section>\n\t\t\t\t<section class=\"elementor-section elementor-top-section elementor-element elementor-element-16098eb0 elementor-section-boxed elementor-section-height-default elementor-section-height-default\" data-id=\"16098eb0\" data-element_type=\"section\" data-settings=\"{&quot;background_background&quot;:&quot;classic&quot;}\">\n\t\t\t\t\t\t<div class=\"elementor-container elementor-column-gap-no\">\n\t\t\t\t\t<div class=\"elementor-column elementor-col-100 elementor-top-column elementor-element elementor-element-518da83e\" data-id=\"518da83e\" data-element_type=\"column\">\n\t\t\t<div class=\"elementor-widget-wrap elementor-element-populated\">\n\t\t\t\t\t\t<section class=\"elementor-section elementor-inner-section elementor-element elementor-element-1c735d42 elementor-section-boxed elementor-section-height-default elementor-section-height-default\" data-id=\"1c735d42\" data-element_type=\"section\">\n\t\t\t\t\t\t<div class=\"elementor-container elementor-column-gap-default\">\n\t\t\t\t\t<div class=\"elementor-column elementor-col-50 elementor-inner-column elementor-element elementor-element-f64921f\" data-id=\"f64921f\" data-element_type=\"column\">\n\t\t\t<div class=\"elementor-widget-wrap elementor-element-populated\">\n\t\t\t\t\t\t<div class=\"elementor-element elementor-element-b829fe elementor-widget__width-initial edubin-title-align-left elementor-widget elementor-widget-section-title-addons\" data-id=\"b829fe\" data-element_type=\"widget\" data-widget_type=\"section-title-addons.default\">\n\t\t\t\t<div class=\"elementor-widget-container\">\n\t\t\t            <div class=\"edubin-section-title edubin-subtitle-position-top title-style-four\">\n                <h2 class=\"section-title-txt\">OUR CONSULTANTS<\/h2><div class=\"edubin-title-sperator-sec\"><span class=\"edubin-title-sperator\">&nbsp;<\/span><\/div><p class=\"section-subtitle-txt\">OUR TEAMMATES<\/p>            <\/div>\n\n        \t\t<\/div>\n\t\t\t\t<\/div>\n\t\t\t\t<div class=\"elementor-element elementor-element-7a04ca80 elementor-widget elementor-widget-text-editor\" data-id=\"7a04ca80\" data-element_type=\"widget\" data-widget_type=\"text-editor.default\">\n\t\t\t\t<div class=\"elementor-widget-container\">\n\t\t\t\t\t\t\t<p>Our consultants are ready to answer all your questions.<\/p>\t\t\t\t\t\t<\/div>\n\t\t\t\t<\/div>\n\t\t\t\t<div class=\"elementor-element elementor-element-4091aae1 elementor-align-left elementor-tablet-align-left elementor-mobile-align-center elementor-widget elementor-widget-button\" data-id=\"4091aae1\" data-element_type=\"widget\" data-widget_type=\"button.default\">\n\t\t\t\t<div class=\"elementor-widget-container\">\n\t\t\t\t\t<div class=\"elementor-button-wrapper\">\n\t\t\t<a class=\"elementor-button elementor-button-link elementor-size-sm\" href=\"https:\/\/s-royaledu.com\/eng\/iletisim\/\">\n\t\t\t\t\t\t<span class=\"elementor-button-content-wrapper\">\n\t\t\t\t\t\t\t\t\t<span class=\"elementor-button-text\">Make an appointment<\/span>\n\t\t\t\t\t<\/span>\n\t\t\t\t\t<\/a>\n\t\t<\/div>\n\t\t\t\t<\/div>\n\t\t\t\t<\/div>\n\t\t\t\t\t<\/div>\n\t\t<\/div>\n\t\t\t\t<div class=\"elementor-column elementor-col-50 elementor-inner-column elementor-element elementor-element-6029db05\" data-id=\"6029db05\" data-element_type=\"column\">\n\t\t\t<div class=\"elementor-widget-wrap elementor-element-populated\">\n\t\t\t\t\t\t<div class=\"elementor-element elementor-element-1b353a4e elementor-widget elementor-widget-edubin-teacher-addons\" data-id=\"1b353a4e\" data-element_type=\"widget\" data-widget_type=\"edubin-teacher-addons.default\">\n\t\t\t\t<div class=\"elementor-widget-container\">\n\t\t\t        <div class=\"row\" >\n\n                            <div class=\"col-xs-12 col-sm-6 col-md-6 col-lg-6\" >\n\n                                        <div class=\"edubin-single-teacher  mb-30 text-center\">\n                        <div class=\"image\">\n                                                            <a href=\"https:\/\/s-royaledu.com\/eng\/iletisim\/\" >\n                                                                <div class=\"teacher-image\"><img loading=\"lazy\" decoding=\"async\" width=\"300\" height=\"285\" src=\"https:\/\/s-royaledu.com\/wp-content\/uploads\/2023\/12\/SERKAN-SUMER-FOTOGRAF-300x285.jpeg\" class=\"attachment-medium size-medium wp-image-23818\" alt=\"\" srcset=\"https:\/\/s-royaledu.com\/wp-content\/uploads\/2023\/12\/SERKAN-SUMER-FOTOGRAF-300x285.jpeg 300w, https:\/\/s-royaledu.com\/wp-content\/uploads\/2023\/12\/SERKAN-SUMER-FOTOGRAF-1024x974.jpeg 1024w, https:\/\/s-royaledu.com\/wp-content\/uploads\/2023\/12\/SERKAN-SUMER-FOTOGRAF-768x730.jpeg 768w, https:\/\/s-royaledu.com\/wp-content\/uploads\/2023\/12\/SERKAN-SUMER-FOTOGRAF-13x12.jpeg 13w, https:\/\/s-royaledu.com\/wp-content\/uploads\/2023\/12\/SERKAN-SUMER-FOTOGRAF.jpeg 1526w\" sizes=\"(max-width: 300px) 100vw, 300px\" \/><\/div>                                                                <\/a>\n                                <!-- End teacher image -->\n                            <\/div>\n                            \n                                <div class=\"teacher-content-area\">\n                                    <div class=\"teacher-content\">\n                                                                                    <a href=\"https:\/\/s-royaledu.com\/eng\/iletisim\/\">\n                                                                                        <h6 class=\"teacher-name\">Serkan S\u00dcMER<\/h6>\n                                                                                        <\/a>\n                                            <!--  End title -->\n\n                                                                                            <span class=\"teacher-degree\">Education Consultant<\/span>\n                                            \n                                            \n                                            <!--  End social -->\n\n                    <\/div>\n                <\/div>\n                <!-- End teacher content -->\n            <\/div> <!-- single teachers -->\n        <\/div>\n                    <div class=\"col-xs-12 col-sm-6 col-md-6 col-lg-6\" >\n\n                                        <div class=\"edubin-single-teacher  mb-30 text-center\">\n                        <div class=\"image\">\n                                                            <a href=\"https:\/\/s-royaledu.com\/eng\/iletisim\/\" >\n                                                                <div class=\"teacher-image\"><img loading=\"lazy\" decoding=\"async\" width=\"525\" height=\"499\" src=\"https:\/\/s-royaledu.com\/wp-content\/uploads\/2023\/12\/SERKAN-SUMER-FOTOGRAF2-768x730.jpg\" class=\"attachment-medium_large size-medium_large wp-image-23821\" alt=\"\" srcset=\"https:\/\/s-royaledu.com\/wp-content\/uploads\/2023\/12\/SERKAN-SUMER-FOTOGRAF2-768x730.jpg 768w, https:\/\/s-royaledu.com\/wp-content\/uploads\/2023\/12\/SERKAN-SUMER-FOTOGRAF2-300x285.jpg 300w, https:\/\/s-royaledu.com\/wp-content\/uploads\/2023\/12\/SERKAN-SUMER-FOTOGRAF2-1024x974.jpg 1024w, https:\/\/s-royaledu.com\/wp-content\/uploads\/2023\/12\/SERKAN-SUMER-FOTOGRAF2-13x12.jpg 13w, https:\/\/s-royaledu.com\/wp-content\/uploads\/2023\/12\/SERKAN-SUMER-FOTOGRAF2.jpg 1526w\" sizes=\"(max-width: 525px) 100vw, 525px\" \/><\/div>                                                                <\/a>\n                                <!-- End teacher image -->\n                            <\/div>\n                            \n                                <div class=\"teacher-content-area\">\n                                    <div class=\"teacher-content\">\n                                                                                    <a href=\"https:\/\/s-royaledu.com\/eng\/iletisim\/\">\n                                                                                        <h6 class=\"teacher-name\">SEDA AV\u015eAR S\u00dcMER<\/h6>\n                                                                                        <\/a>\n                                            <!--  End title -->\n\n                                                                                            <span class=\"teacher-degree\">Education Consultant<\/span>\n                                            \n                                            \n                                            <!--  End social -->\n\n                    <\/div>\n                <\/div>\n                <!-- End teacher content -->\n            <\/div> <!-- single teachers -->\n        <\/div>\n    \n<\/div>\n\n\t\t<\/div>\n\t\t\t\t<\/div>\n\t\t\t\t\t<\/div>\n\t\t<\/div>\n\t\t\t\t\t<\/div>\n\t\t<\/section>\n\t\t\t\t\t<\/div>\n\t\t<\/div>\n\t\t\t\t\t<\/div>\n\t\t<\/section>\n\t\t\t\t<\/div>","protected":false},"excerpt":{"rendered":"<p>Yurtd\u0131\u015f\u0131nda y\u00fcksek \u00f6\u011frenim e\u011fitimi alman\u0131n dikkatli planlama ve haz\u0131rl\u0131k gerektirdi\u011fini unutmay\u0131n. Ki\u015fisel geli\u015fim, k\u00fclt\u00fcrel de\u011fi\u015fim ve k\u00fcresel bir a\u011f olu\u015fturmak i\u00e7in Liseyi yurtd\u0131\u015f\u0131nda okumak\u00a0 m\u00fckemmel bir f\u0131rsat olacakt\u0131r. K\u00fclt\u00fcrel farkl\u0131l\u0131klara, lisan \u00f6\u011frenmeye, ve ki\u015fisel geli\u015fime de\u011fer katmaya yard\u0131mc\u0131 olacakt\u0131r. Bu ya\u015f grubu \u00f6\u011frencilerin geli\u015fimine ve [&hellip;]<\/p>","protected":false},"author":1,"featured_media":0,"parent":0,"menu_order":0,"comment_status":"closed","ping_status":"closed","template":"","meta":{"footnotes":""},"class_list":["post-23768","page","type-page","status-publish","hentry"],"_links":{"self":[{"href":"https:\/\/s-royaledu.com\/eng\/wp-json\/wp\/v2\/pages\/23768"}],"collection":[{"href":"https:\/\/s-royaledu.com\/eng\/wp-json\/wp\/v2\/pages"}],"about":[{"href":"https:\/\/s-royaledu.com\/eng\/wp-json\/wp\/v2\/types\/page"}],"author":[{"embeddable":true,"href":"https:\/\/s-royaledu.com\/eng\/wp-json\/wp\/v2\/users\/1"}],"replies":[{"embeddable":true,"href":"https:\/\/s-royaledu.com\/eng\/wp-json\/wp\/v2\/comments?post=23768"}],"version-history":[{"count":0,"href":"https:\/\/s-royaledu.com\/eng\/wp-json\/wp\/v2\/pages\/23768\/revisions"}],"wp:attachment":[{"href":"https:\/\/s-royaledu.com\/eng\/wp-json\/wp\/v2\/media?parent=23768"}],"curies":[{"name":"wp","href":"https:\/\/api.w.org\/{rel}","templated":true}]}}